{"id":22,"date":"2026-03-24T11:36:07","date_gmt":"2026-03-24T10:36:07","guid":{"rendered":"https:\/\/boxpackjewels.com\/blog\/?page_id=22"},"modified":"2026-03-27T12:16:01","modified_gmt":"2026-03-27T11:16:01","slug":"blog","status":"publish","type":"page","link":"https:\/\/boxpackjewels.com\/blog\/","title":{"rendered":"Blog"},"content":{"rendered":"\n\n\t\t\t\t\t\t\t\t\t\t\t\t\t\t<a href=\"https:\/\/boxpackjewels.com\/blog\/2026\/03\/27\/como-mejorar-la-presentacion-de-una-joyeria-consejos-profesionales\/\" target=\"_self\" title=\"C\u00f3mo mejorar la presentaci\u00f3n de una joyer\u00eda | Consejos profesionales\">\n\t\t\t\t<img decoding=\"async\" src=\"https:\/\/boxpackjewels.com\/blog\/wp-content\/uploads\/2026\/03\/bolsas-joyeria.jpg\" alt=\"presentaci\u00f3n de joyer\u00eda con packaging y exposici\u00f3n\" \/>\n\t\t\t\t<\/a>\n\t\t\t\t\t\t<h3>\n\t\t\t\t<a href=\"https:\/\/boxpackjewels.com\/blog\/2026\/03\/27\/como-mejorar-la-presentacion-de-una-joyeria-consejos-profesionales\/\" title=\"C\u00f3mo mejorar la presentaci\u00f3n de una joyer\u00eda | Consejos profesionales\">C\u00f3mo mejorar la presentaci\u00f3n de una joyer\u00eda | Consejos profesionales<\/a>\t\t\t<\/h3>\n\t\t\t\t\t\t\t\tC\u00f3mo mejorar la presentaci\u00f3n de una joyer\u00eda La presentaci\u00f3n de una joyer\u00eda influye directamente en la decisi\u00f3n de &#8230;\n\t\t\t\t\t<a href=\"https:\/\/boxpackjewels.com\/blog\/2026\/03\/27\/como-mejorar-la-presentacion-de-una-joyeria-consejos-profesionales\/\" title=\"Leer m\u00e1s\" target=\"_self\">Leer m\u00e1s &#8594;<\/a>\t\t\n\t\t\t\t\t\t\t\t\t\t\t\t\t\t<a href=\"https:\/\/boxpackjewels.com\/blog\/2026\/03\/27\/tipos-de-cajas-para-joyas-guia-para-elegir-la-mejor-opcion\/\" target=\"_self\" title=\"Tipos de cajas para joyas | Gu\u00eda para elegir la mejor opci\u00f3n\">\n\t\t\t\t<img decoding=\"async\" src=\"https:\/\/boxpackjewels.com\/blog\/wp-content\/uploads\/2026\/03\/cajas-para-joyas-1024x266.jpg\" alt=\"cajas para joyas elegantes packaging profesional\" \/>\n\t\t\t\t<\/a>\n\t\t\t\t\t\t<h3>\n\t\t\t\t<a href=\"https:\/\/boxpackjewels.com\/blog\/2026\/03\/27\/tipos-de-cajas-para-joyas-guia-para-elegir-la-mejor-opcion\/\" title=\"Tipos de cajas para joyas | Gu\u00eda para elegir la mejor opci\u00f3n\">Tipos de cajas para joyas | Gu\u00eda para elegir la mejor opci\u00f3n<\/a>\t\t\t<\/h3>\n\t\t\t\t\t\t\t\tTipos de cajas para joyas | Gu\u00eda completa Las cajas para joyas son un elemento fundamental en la &#8230;\n\t\t\t\t\t<a href=\"https:\/\/boxpackjewels.com\/blog\/2026\/03\/27\/tipos-de-cajas-para-joyas-guia-para-elegir-la-mejor-opcion\/\" title=\"Leer m\u00e1s\" target=\"_self\">Leer m\u00e1s &#8594;<\/a>\t\t\n\t\t\t\t\t\t\t\t\t\t\t\t\t\t<a href=\"https:\/\/boxpackjewels.com\/blog\/2026\/03\/27\/como-elegir-el-packaging-para-joyeria-guia-para-profesionales\/\" target=\"_self\" title=\"C\u00f3mo elegir el packaging para joyer\u00eda | Gu\u00eda para profesionales\">\n\t\t\t\t<img decoding=\"async\" src=\"https:\/\/boxpackjewels.com\/blog\/wp-content\/uploads\/2026\/03\/4-1024x300.png\" alt=\"packaging para joyer\u00eda elegante cajas y estuches\" \/>\n\t\t\t\t<\/a>\n\t\t\t\t\t\t<h3>\n\t\t\t\t<a href=\"https:\/\/boxpackjewels.com\/blog\/2026\/03\/27\/como-elegir-el-packaging-para-joyeria-guia-para-profesionales\/\" title=\"C\u00f3mo elegir el packaging para joyer\u00eda | Gu\u00eda para profesionales\">C\u00f3mo elegir el packaging para joyer\u00eda | Gu\u00eda para profesionales<\/a>\t\t\t<\/h3>\n\t\t\t\t\t\t\t\tC\u00f3mo elegir el packaging para joyer\u00eda | Gu\u00eda completa Elegir el packaging para joyer\u00eda adecuado es clave para &#8230;\n\t\t\t\t\t<a href=\"https:\/\/boxpackjewels.com\/blog\/2026\/03\/27\/como-elegir-el-packaging-para-joyeria-guia-para-profesionales\/\" title=\"Leer m\u00e1s\" target=\"_self\">Leer m\u00e1s &#8594;<\/a>\t\t\n\t\t\t\t\t\t\t\t\t\t\t\t\t\t<a href=\"https:\/\/boxpackjewels.com\/blog\/2026\/03\/24\/hola-mundo\/\" target=\"_self\" title=\"\u00a1Hola, mundo!\">\n\t\t\t\t<img decoding=\"async\" src=\"https:\/\/boxpackjewels.com\/blog\/wp-content\/uploads\/2026\/03\/7-1024x300.png\" alt=\"\" \/>\n\t\t\t\t<\/a>\n\t\t\t\t\t\t<h3>\n\t\t\t\t<a href=\"https:\/\/boxpackjewels.com\/blog\/2026\/03\/24\/hola-mundo\/\" title=\"\u00a1Hola, mundo!\">\u00a1Hola, mundo!<\/a>\t\t\t<\/h3>\n\t\t\t\t\t\t\t\tTe damos la bienvenida a WordPress. Esta es tu primera entrada. Ed\u00edtala o b\u00f3rrala, \u00a1luego empieza a escribir!\n\t\t\t\t\t<a href=\"https:\/\/boxpackjewels.com\/blog\/2026\/03\/24\/hola-mundo\/\" title=\"Leer m\u00e1s\" target=\"_self\">Leer m\u00e1s &#8594;<\/a>\t\t\n\n","protected":false},"excerpt":{"rendered":"<p>C\u00f3mo mejorar la presentaci\u00f3n de una joyer\u00eda | Consejos profesionales C\u00f3mo mejorar la presentaci\u00f3n de una joyer\u00eda La presentaci\u00f3n de una joyer\u00eda influye directamente en la decisi\u00f3n de &#8230; Leer m\u00e1s &#8594; Tipos de cajas para joyas | Gu\u00eda para elegir la mejor opci\u00f3n Tipos de cajas para joyas | Gu\u00eda completa Las cajas para&hellip;<\/p>\n","protected":false},"author":1,"featured_media":0,"parent":0,"menu_order":0,"comment_status":"closed","ping_status":"closed","template":"","meta":{"footnotes":""},"class_list":["post-22","page","type-page","status-publish","hentry"],"yoast_head":"<!-- This site is optimized with the Yoast SEO plugin v27.2 - https:\/\/yoast.com\/product\/yoast-seo-wordpress\/ -->\n<title>Blog - Boxpack Jewels Blog<\/title>\n<meta name=\"robots\" content=\"index, follow, max-snippet:-1, max-image-preview:large, max-video-preview:-1\" \/>\n<link rel=\"canonical\" href=\"https:\/\/boxpackjewels.com\/blog\/\" \/>\n<meta property=\"og:locale\" content=\"es_ES\" \/>\n<meta property=\"og:type\" content=\"article\" \/>\n<meta property=\"og:title\" content=\"Blog - Boxpack Jewels Blog\" \/>\n<meta property=\"og:description\" content=\"C\u00f3mo mejorar la presentaci\u00f3n de una joyer\u00eda | Consejos profesionales C\u00f3mo mejorar la presentaci\u00f3n de una joyer\u00eda La presentaci\u00f3n de una joyer\u00eda influye directamente en la decisi\u00f3n de &#8230; Leer m\u00e1s &#8594; Tipos de cajas para joyas | Gu\u00eda para elegir la mejor opci\u00f3n Tipos de cajas para joyas | Gu\u00eda completa Las cajas para&hellip;\" \/>\n<meta property=\"og:url\" content=\"https:\/\/boxpackjewels.com\/blog\/\" \/>\n<meta property=\"og:site_name\" content=\"Boxpack Jewels Blog\" \/>\n<meta property=\"article:modified_time\" content=\"2026-03-27T11:16:01+00:00\" \/>\n<meta property=\"og:image\" content=\"https:\/\/boxpackjewels.com\/blog\/wp-content\/uploads\/2026\/03\/bolsas-joyeria.jpg\" \/>\n<meta name=\"twitter:card\" content=\"summary_large_image\" \/>\n<script type=\"application\/ld+json\" class=\"yoast-schema-graph\">{\"@context\":\"https:\/\/schema.org\",\"@graph\":[{\"@type\":\"WebPage\",\"@id\":\"https:\/\/boxpackjewels.com\/blog\/\",\"url\":\"https:\/\/boxpackjewels.com\/blog\/\",\"name\":\"Blog - Boxpack Jewels Blog\",\"isPartOf\":{\"@id\":\"https:\/\/boxpackjewels.com\/blog\/#website\"},\"primaryImageOfPage\":{\"@id\":\"https:\/\/boxpackjewels.com\/blog\/#primaryimage\"},\"image\":{\"@id\":\"https:\/\/boxpackjewels.com\/blog\/#primaryimage\"},\"thumbnailUrl\":\"https:\/\/boxpackjewels.com\/blog\/wp-content\/uploads\/2026\/03\/bolsas-joyeria.jpg\",\"datePublished\":\"2026-03-24T10:36:07+00:00\",\"dateModified\":\"2026-03-27T11:16:01+00:00\",\"breadcrumb\":{\"@id\":\"https:\/\/boxpackjewels.com\/blog\/#breadcrumb\"},\"inLanguage\":\"es\",\"potentialAction\":[{\"@type\":\"ReadAction\",\"target\":[\"https:\/\/boxpackjewels.com\/blog\/\"]}]},{\"@type\":\"ImageObject\",\"inLanguage\":\"es\",\"@id\":\"https:\/\/boxpackjewels.com\/blog\/#primaryimage\",\"url\":\"https:\/\/boxpackjewels.com\/blog\/wp-content\/uploads\/2026\/03\/bolsas-joyeria.jpg\",\"contentUrl\":\"https:\/\/boxpackjewels.com\/blog\/wp-content\/uploads\/2026\/03\/bolsas-joyeria.jpg\",\"width\":458,\"height\":458,\"caption\":\"presentaci\u00f3n de joyer\u00eda con packaging y exposici\u00f3n\"},{\"@type\":\"BreadcrumbList\",\"@id\":\"https:\/\/boxpackjewels.com\/blog\/#breadcrumb\",\"itemListElement\":[{\"@type\":\"ListItem\",\"position\":1,\"name\":\"Portada\",\"item\":\"https:\/\/boxpackjewels.com\/blog\/\"},{\"@type\":\"ListItem\",\"position\":2,\"name\":\"Blog\"}]},{\"@type\":\"WebSite\",\"@id\":\"https:\/\/boxpackjewels.com\/blog\/#website\",\"url\":\"https:\/\/boxpackjewels.com\/blog\/\",\"name\":\"Boxpack Jewels Blog\",\"description\":\"\",\"potentialAction\":[{\"@type\":\"SearchAction\",\"target\":{\"@type\":\"EntryPoint\",\"urlTemplate\":\"https:\/\/boxpackjewels.com\/blog\/?s={search_term_string}\"},\"query-input\":{\"@type\":\"PropertyValueSpecification\",\"valueRequired\":true,\"valueName\":\"search_term_string\"}}],\"inLanguage\":\"es\"}]}<\/script>\n<!-- \/ Yoast SEO plugin. -->","yoast_head_json":{"title":"Blog - Boxpack Jewels Blog","robots":{"index":"index","follow":"follow","max-snippet":"max-snippet:-1","max-image-preview":"max-image-preview:large","max-video-preview":"max-video-preview:-1"},"canonical":"https:\/\/boxpackjewels.com\/blog\/","og_locale":"es_ES","og_type":"article","og_title":"Blog - Boxpack Jewels Blog","og_description":"C\u00f3mo mejorar la presentaci\u00f3n de una joyer\u00eda | Consejos profesionales C\u00f3mo mejorar la presentaci\u00f3n de una joyer\u00eda La presentaci\u00f3n de una joyer\u00eda influye directamente en la decisi\u00f3n de &#8230; Leer m\u00e1s &#8594; Tipos de cajas para joyas | Gu\u00eda para elegir la mejor opci\u00f3n Tipos de cajas para joyas | Gu\u00eda completa Las cajas para&hellip;","og_url":"https:\/\/boxpackjewels.com\/blog\/","og_site_name":"Boxpack Jewels Blog","article_modified_time":"2026-03-27T11:16:01+00:00","og_image":[{"url":"https:\/\/boxpackjewels.com\/blog\/wp-content\/uploads\/2026\/03\/bolsas-joyeria.jpg","type":"","width":"","height":""}],"twitter_card":"summary_large_image","schema":{"@context":"https:\/\/schema.org","@graph":[{"@type":"WebPage","@id":"https:\/\/boxpackjewels.com\/blog\/","url":"https:\/\/boxpackjewels.com\/blog\/","name":"Blog - Boxpack Jewels Blog","isPartOf":{"@id":"https:\/\/boxpackjewels.com\/blog\/#website"},"primaryImageOfPage":{"@id":"https:\/\/boxpackjewels.com\/blog\/#primaryimage"},"image":{"@id":"https:\/\/boxpackjewels.com\/blog\/#primaryimage"},"thumbnailUrl":"https:\/\/boxpackjewels.com\/blog\/wp-content\/uploads\/2026\/03\/bolsas-joyeria.jpg","datePublished":"2026-03-24T10:36:07+00:00","dateModified":"2026-03-27T11:16:01+00:00","breadcrumb":{"@id":"https:\/\/boxpackjewels.com\/blog\/#breadcrumb"},"inLanguage":"es","potentialAction":[{"@type":"ReadAction","target":["https:\/\/boxpackjewels.com\/blog\/"]}]},{"@type":"ImageObject","inLanguage":"es","@id":"https:\/\/boxpackjewels.com\/blog\/#primaryimage","url":"https:\/\/boxpackjewels.com\/blog\/wp-content\/uploads\/2026\/03\/bolsas-joyeria.jpg","contentUrl":"https:\/\/boxpackjewels.com\/blog\/wp-content\/uploads\/2026\/03\/bolsas-joyeria.jpg","width":458,"height":458,"caption":"presentaci\u00f3n de joyer\u00eda con packaging y exposici\u00f3n"},{"@type":"BreadcrumbList","@id":"https:\/\/boxpackjewels.com\/blog\/#breadcrumb","itemListElement":[{"@type":"ListItem","position":1,"name":"Portada","item":"https:\/\/boxpackjewels.com\/blog\/"},{"@type":"ListItem","position":2,"name":"Blog"}]},{"@type":"WebSite","@id":"https:\/\/boxpackjewels.com\/blog\/#website","url":"https:\/\/boxpackjewels.com\/blog\/","name":"Boxpack Jewels Blog","description":"","potentialAction":[{"@type":"SearchAction","target":{"@type":"EntryPoint","urlTemplate":"https:\/\/boxpackjewels.com\/blog\/?s={search_term_string}"},"query-input":{"@type":"PropertyValueSpecification","valueRequired":true,"valueName":"search_term_string"}}],"inLanguage":"es"}]}},"_links":{"self":[{"href":"https:\/\/boxpackjewels.com\/blog\/wp-json\/wp\/v2\/pages\/22","targetHints":{"allow":["GET"]}}],"collection":[{"href":"https:\/\/boxpackjewels.com\/blog\/wp-json\/wp\/v2\/pages"}],"about":[{"href":"https:\/\/boxpackjewels.com\/blog\/wp-json\/wp\/v2\/types\/page"}],"author":[{"embeddable":true,"href":"https:\/\/boxpackjewels.com\/blog\/wp-json\/wp\/v2\/users\/1"}],"replies":[{"embeddable":true,"href":"https:\/\/boxpackjewels.com\/blog\/wp-json\/wp\/v2\/comments?post=22"}],"version-history":[{"count":7,"href":"https:\/\/boxpackjewels.com\/blog\/wp-json\/wp\/v2\/pages\/22\/revisions"}],"predecessor-version":[{"id":72,"href":"https:\/\/boxpackjewels.com\/blog\/wp-json\/wp\/v2\/pages\/22\/revisions\/72"}],"wp:attachment":[{"href":"https:\/\/boxpackjewels.com\/blog\/wp-json\/wp\/v2\/media?parent=22"}],"curies":[{"name":"wp","href":"https:\/\/api.w.org\/{rel}","templated":true}]}}